{"id":260,"date":"2012-06-27T16:08:00","date_gmt":"2012-06-27T16:08:00","guid":{"rendered":"http:\/\/www.lasegundafundacion.com\/wp\/?page_id=260"},"modified":"2012-06-27T16:26:55","modified_gmt":"2012-06-27T16:26:55","slug":"por-que-nuestro-mundo-fue-creado-con-la-presencia-del-dolor-el-sufrimiento-y-la-muerte","status":"publish","type":"page","link":"https:\/\/www.lasegundafundacion.com\/wp\/por-que-nuestro-mundo-fue-creado-con-la-presencia-del-dolor-el-sufrimiento-y-la-muerte\/","title":{"rendered":"\u00bfPOR QU\u00c9 NUESTRO MUNDO FUE CREADO CON LA PRESENCIA DEL DOLOR, EL SUFRIMIENTO Y LA MUERTE?"},"content":{"rendered":"<p style=\"text-align: justify;\"><img loading=\"lazy\" decoding=\"async\" class=\"aligncenter  wp-image-328\" style=\"border: 0px none;\" title=\"SegundaFundaci\u00f3n\" src=\"http:\/\/www.lasegundafundacion.com\/wp\/wp-content\/uploads\/2012\/06\/foto69.jpeg\" alt=\"\" width=\"400\" height=\"306\" srcset=\"https:\/\/www.lasegundafundacion.com\/wp\/wp-content\/uploads\/2012\/06\/foto69.jpeg 400w, https:\/\/www.lasegundafundacion.com\/wp\/wp-content\/uploads\/2012\/06\/foto69-300x229.jpg 300w, https:\/\/www.lasegundafundacion.com\/wp\/wp-content\/uploads\/2012\/06\/foto69-392x300.jpg 392w\" sizes=\"(max-width: 400px) 100vw, 400px\" \/><\/p>\n<p style=\"text-align: justify;\">El 5 de Diciembre de 1955, la prestigiosa Universidad de la Sorbona en Paris dedic\u00f3 un homenaje a una persona aun desconocida para gran parte de la humanidad. Su nombre es <strong>Sri Aurobindo<\/strong>. Ocurre con los grandes maestros de la humanidad que suelen pasar desapercibidos para ella misma durante siglos o muchas d\u00e9cadas, las Grandes Obras suelen adelantarse a su tiempo, y el hombre contemporaneo a ellas no suele estar preparado para percibirlas. <strong>Sri Aurobindo nos ha legado una de las obras escritas mas vastas e iluminadoras de la historia humana, y posteriormente durante un retiro voluntario de veintis\u00e9is a\u00f1os en su habitaci\u00f3n, logra transmutar su naturaleza y atraer a la tierra las fuerzas que actualmente operan en el desarrollo humano<\/strong>. Sri Aurobindo trabaj\u00f3 como un cient\u00edfico escrupuloso, prest\u00e1ndose el mismo al experimento y convirti\u00e9ndose en un laboratorio viviente, que repet\u00eda una y otra vez los experimentos en su propio cuerpo ratificando las experiencias hasta su completa fiabilidad y consumaci\u00f3n.<\/p>\n<p style=\"text-align: justify;\">. Sri Aurobindo se educ\u00f3 hasta los veinte a\u00f1os en Inglaterra, volviendo a la India despu\u00e9s sin haber conocido nada de su pa\u00eds de origen, ni siquiera el idioma. Despu\u00e9s de un periodo revolucionario contra la dominaci\u00f3n inglesa, Sri Aurobindo inici\u00f3 su camino de transformaci\u00f3n espiritual, haciendo evolucionar su cuerpo, vida y mente hasta niveles inimaginables para un ser humano normal, acompa\u00f1ado de cerca por una pl\u00e9yade de disc\u00edpulos seleccionados, muchos de ellos europeos y americanos, de gran nivel intelectual, f\u00edsicos, m\u00e9dicos, ingenieros, arquitectos e incluso un qu\u00edmico nuclear que luego seria el secretario general del ashram. Su enorme esfuerzo nos permite ahora acercarnos al mundo de lo velado, de lo no conocido; gracias a que el se convirti\u00f3 en el <strong>Gran Mensajero de lo Incomunicable<\/strong>. La obra inmensa de Sri Aurobindo nos deja trozos tan sabrosos como el que a continuaci\u00f3n relatamos, donde intenta explicar <strong>mediante im\u00e1genes<\/strong> a la mente desarrollada el porqu\u00e9 de este mundo, e intenta acercar a la mente racional aquello que \u00e9l visit\u00f3, intentando responder una de las grandes preguntas de la Humanidad <strong>\u00bfPor qu\u00e9 nuestro mundo fue creado con la presencia del dolor, el sufrimiento y la muerte?<\/strong><\/p>\n<p style=\"text-align: justify;\" align=\"center\">SRI AUROBINDO<\/p>\n<p style=\"text-align: justify;\" align=\"center\"><strong>EL ENIGMA DE ESTE MUNDO<\/strong><\/p>\n<p style=\"text-align: justify;\"><strong>\u00bfCU\u00c1L ES EL PROP\u00d3SITO Y ORIGEN DE LA DESARMON\u00cdA?<\/strong><\/p>\n<p style=\"text-align: justify;\"><strong>\u00bfPOR QU\u00c9 SE PRODUJO ESTA DIVISI\u00d3N, ESTE EGO, ESTE MUNDO DE DOLOROSA EVOLUCI\u00d3N?<\/strong><\/p>\n<p style=\"text-align: justify;\"><strong>\u00bfPOR QU\u00c9 EL MAL Y EL SUFRIMIENTO DEBEN HACER INTRUSI\u00d3N EN EL BIEN, LA BIENAVENTURANZA Y LA PAZ DIVINAS?<\/strong> Es dif\u00edcil responder a la inteligencia humana en su propio nivel de consciencia, porque la consciencia a la cual pertenece el origen de este Universo, en la cual se halla; por decirlo as\u00ed, completamente \u201cjustificada\u201d la experiencia de una creaci\u00f3n de este tipo, es una consciencia, es un Conocimiento supraintelectual, es una inteligencia c\u00f3smica y no una inteligencia humana e individual; esta Consciencia ve en espacios m\u00e1s vastos, posee otra visi\u00f3n y cognici\u00f3n, otros t\u00e9rminos de conocimiento distintos de la raz\u00f3n y el sentimiento humanos.<\/p>\n<p style=\"text-align: justify;\">A la mente humana uno podr\u00eda responderle que, mientras en <strong>s\u00ed mismo<\/strong> el Infinito puede estar libre de esas perturbaciones (dolor, sufrimiento y muerte), una vez que la manifestaci\u00f3n universal comenz\u00f3, empezaron tambi\u00e9n las infinitas posibilidades y entre las infinitas posibilidades a las que la manifestaci\u00f3n universal tiene por funci\u00f3n dar lugar, una de ellas fue evidentemente <strong>la negaci\u00f3n<\/strong>, la relativa negaci\u00f3n efectiva y con todas sus <strong>consecuencias<\/strong> del Poder, la Verdad, la Luz, la Paz , el Bien y la Inmortalidad.<\/p>\n<p style=\"text-align: justify;\">Si nos preguntamos \u201cpor qu\u00e9\u201d adem\u00e1s de ser posible esta manifestaci\u00f3n, tambi\u00e9n fue aceptada y aprobada; la respuesta m\u00e1s pr\u00f3xima a la Verdad c\u00f3smica que la inteligencia humana puede concebir es que: en las relaciones o en la transici\u00f3n del Divino en su Unidad, al Divino en su Multiplicidad (el universo o cosmos), esta \u201cominosa posibilidad\u201d se hizo, en cierto punto, <strong>inevitable<\/strong>.<\/p>\n<p style=\"text-align: justify;\">Y esto fue as\u00ed, porque una vez aparecida esta manifestaci\u00f3n, supuso para el Alma (LA MADRE) en descenso a la manifestaci\u00f3n evolutiva una atracci\u00f3n irresistible que crea la inevitabilidad; una atracci\u00f3n que en t\u00e9rminos humanos al nivel terrestre puede ser interpretada como la llamada de lo desconocido, el gozo del peligro, el reto de la dificultad y la aventura, la voluntad de intentar lo imposible, y de experimentar lo incalculable, la voluntad de crear algo nuevo aun no creado, con el propio SER y la vida como materiales, la fascinaci\u00f3n por resolver las contradicciones y su dif\u00edcil armonizaci\u00f3n; son estas razones, traducidas a otra Consciencia, a una consciencia supraf\u00edsica y suprahumana, mucho m\u00e1s alta y m\u00e1s vasta que la mental, las que constituyeron la \u201ctentaci\u00f3n que condujo a la ca\u00edda\u201d, y la consiguiente inmersi\u00f3n de la Madre en lo inconsciente.<\/p>\n<p style=\"text-align: justify;\">Porque para <strong>el ser original de luz (LA MADRE)<\/strong>, situado en el filo del descenso al abismo de esta manifestaci\u00f3n de materia inconsciente, lo \u00fanico que le era desconocido eran las profundidades del abismo, las posibilidades del Divino en la Ignorancia y la Inconsciencia de la materia del universo creado.<\/p>\n<p style=\"text-align: justify;\">Por el otro lado, por la parte de la Unidad Divina (EL PADRE), fue una vasta aquiescencia hacia LA MADRE a punto del descenso, llena de compasi\u00f3n, de consentimiento, de ayuda; fue un Supremo Conocimiento de que esto deb\u00eda ser as\u00ed, <strong>que habiendo aparecido deb\u00eda ser realizado<\/strong>, que su aparici\u00f3n es en cierto sentido parte de una incalculable e infinita sabidur\u00eda; y que si el sumergirse en la Noche era inevitable, el gran emerger en un D\u00eda nuevo y sin precedentes era tambi\u00e9n una certeza; y que s\u00f3lo as\u00ed pod\u00eda tener lugar una cierta manifestaci\u00f3n de la Verdad Suprema, por la puesta en obra de los contrarios fenom\u00e9nicos, bien y mal, como punto de partida de la evoluci\u00f3n en este universo y con esta condici\u00f3n, ir ascendiendo en una emergente transformaci\u00f3n evolutiva.<\/p>\n<p style=\"text-align: justify;\">Esta aquiescencia comprend\u00eda tambi\u00e9n la voluntad del gran Sacrificio, el descenso del Divino mismo a la Inconsciencia para tomar sobre s\u00ed la carga de la Ignorancia y sus consecuencias, para intervenir como el <em>Avatar<\/em> y el <em>santo<\/em>, marchando entre el doble signo de la Cruz y la Victoria hacia la culminaci\u00f3n y la salvaci\u00f3n del mundo.<\/p>\n<p style=\"text-align: justify;\">Podr\u00eda pensarse que lo dicho es \u00bfUna traducci\u00f3n demasiado imaginativa de la Verdad inexpresable?. <strong>Pero sin im\u00e1genes<\/strong> \u00bfc\u00f3mo presentar o relatar al intelecto un misterio que aun esta mucho m\u00e1s all\u00e1 de \u00e9l?. S\u00f3lo cuando se ha cruzado la barrera de la inteligencia limitada y se ha tomado parte en la experiencia c\u00f3smica y en el Conocimiento que ve las cosas por Identidad, <strong>se revelan las supremas realidades<\/strong> que est\u00e1n tras estas im\u00e1genes correspondientes al hecho terrestre, y sus formulaciones divinas se dejan percibir como algo simple, natural, impl\u00edcito en la esencia de las cosas.<\/p>\n<p style=\"text-align: justify;\"><strong><em>S\u00f3lo penetrando en una Consciencia mayor, puede uno captar la inevitabilidad de la creaci\u00f3n y su prop\u00f3sito<\/em>.<\/strong><\/p>\n<p style=\"text-align: justify;\" align=\"center\"><strong>F I N<\/strong><\/p>\n<p style=\"text-align: justify;\">La obra y la practica creada por Sri Aurobindo, hoy representan la gran esperanza para esta humanidad saciada, mas no satisfecha con sus logros actuales y conforme sea entendida por el individuo, se comprender\u00e1 que la geograf\u00eda del camino ascendente evolutivo ha sido desarrollada y realizada, sus cambios marcados, sus senderos trazados y diagramados exhaustivamente. Sri Aurobindo podr\u00eda conducir al hombre mental desarrollado hasta sus m\u00e1s excelsas cumbres. Sri Aurobindo, el Se\u00f1or de la S\u00edntesis, el Mensajero de lo Incomunicable dej\u00f3 el futuro hecho, ahora depende del hombre seguir contrayendo el continuo espacio-tiempo, y lograr alcanzar la Verdad evolutiva que nos liberara del hambre, el dolor, el sufrimiento y la muerte.<\/p>\n","protected":false},"excerpt":{"rendered":"<p>El 5 de Diciembre de 1955, la prestigiosa Universidad de la Sorbona en Paris dedic\u00f3 un homenaje a una persona aun desconocida para gran parte de la humanidad. Su nombre es Sri Aurobindo. Ocurre con los grandes maestros de la &hellip; <a href=\"https:\/\/www.lasegundafundacion.com\/wp\/por-que-nuestro-mundo-fue-creado-con-la-presencia-del-dolor-el-sufrimiento-y-la-muerte\/\">Sigue leyendo <span class=\"meta-nav\">&rarr;<\/span><\/a><\/p>\n","protected":false},"author":1,"featured_media":0,"parent":0,"menu_order":0,"comment_status":"closed","ping_status":"closed","template":"sidebar-page.php","meta":{"footnotes":"","_links_to":"","_links_to_target":""},"_links":{"self":[{"href":"https:\/\/www.lasegundafundacion.com\/wp\/wp-json\/wp\/v2\/pages\/260"}],"collection":[{"href":"https:\/\/www.lasegundafundacion.com\/wp\/wp-json\/wp\/v2\/pages"}],"about":[{"href":"https:\/\/www.lasegundafundacion.com\/wp\/wp-json\/wp\/v2\/types\/page"}],"author":[{"embeddable":true,"href":"https:\/\/www.lasegundafundacion.com\/wp\/wp-json\/wp\/v2\/users\/1"}],"replies":[{"embeddable":true,"href":"https:\/\/www.lasegundafundacion.com\/wp\/wp-json\/wp\/v2\/comments?post=260"}],"version-history":[{"count":3,"href":"https:\/\/www.lasegundafundacion.com\/wp\/wp-json\/wp\/v2\/pages\/260\/revisions"}],"predecessor-version":[{"id":330,"href":"https:\/\/www.lasegundafundacion.com\/wp\/wp-json\/wp\/v2\/pages\/260\/revisions\/330"}],"wp:attachment":[{"href":"https:\/\/www.lasegundafundacion.com\/wp\/wp-json\/wp\/v2\/media?parent=260"}],"curies":[{"name":"wp","href":"https:\/\/api.w.org\/{rel}","templated":true}]}}